{"id":293,"date":"2022-02-28T05:44:07","date_gmt":"2022-02-28T05:44:07","guid":{"rendered":"https:\/\/bio-rentals.com\/?page_id=293"},"modified":"2022-05-30T11:53:35","modified_gmt":"2022-05-30T11:53:35","slug":"blog","status":"publish","type":"page","link":"https:\/\/arl-assainissement.com\/en\/blog\/","title":{"rendered":"Blog"},"content":{"rendered":"\t\t<div data-elementor-type=\"wp-page\" data-elementor-id=\"293\" class=\"elementor elementor-293 elementor-25\" data-elementor-settings=\"{&quot;ha_cmc_init_switcher&quot;:&quot;no&quot;}\" data-elementor-post-type=\"page\">\n\t\t\t\t\t\t<section class=\"elementor-section elementor-top-section elementor-element elementor-element-163a140f elementor-section-height-min-height header-interne elementor-section-boxed elementor-section-height-default elementor-section-items-middle\" data-id=\"163a140f\" data-element_type=\"section\" data-settings=\"{&quot;background_background&quot;:&quot;classic&quot;,&quot;_ha_eqh_enable&quot;:false}\">\n\t\t\t\t\t\t<div class=\"elementor-container elementor-column-gap-default\">\n\t\t\t\t\t<div class=\"elementor-column elementor-col-100 elementor-top-column elementor-element elementor-element-41da82fa\" data-id=\"41da82fa\" data-element_type=\"column\">\n\t\t\t<div class=\"elementor-widget-wrap\">\n\t\t\t\t\t\t\t<\/div>\n\t\t<\/div>\n\t\t\t\t\t<\/div>\n\t\t<\/section>\n\t\t\t\t<section class=\"elementor-section elementor-top-section elementor-element elementor-element-70dab183 elementor-section-boxed elementor-section-height-default elementor-section-height-default\" data-id=\"70dab183\" data-element_type=\"section\" data-settings=\"{&quot;background_background&quot;:&quot;classic&quot;,&quot;_ha_eqh_enable&quot;:false}\">\n\t\t\t\t\t\t<div class=\"elementor-container elementor-column-gap-default\">\n\t\t\t\t\t<div class=\"elementor-column elementor-col-100 elementor-top-column elementor-element elementor-element-68e0dee0\" data-id=\"68e0dee0\" data-element_type=\"column\">\n\t\t\t<div class=\"elementor-widget-wrap elementor-element-populated\">\n\t\t\t\t\t\t<div class=\"elementor-element elementor-element-4be0a2a6 elementor-widget elementor-widget-heading\" data-id=\"4be0a2a6\" data-element_type=\"widget\" data-widget_type=\"heading.default\">\n\t\t\t\t<div class=\"elementor-widget-container\">\n\t\t\t\t\t<h1 class=\"elementor-heading-title elementor-size-default\">Bio Rentals Blog<\/h1>\t\t\t\t<\/div>\n\t\t\t\t<\/div>\n\t\t\t\t<div class=\"elementor-element elementor-element-39af9bf9 elementor-widget-divider--view-line elementor-widget elementor-widget-divider\" data-id=\"39af9bf9\" data-element_type=\"widget\" data-widget_type=\"divider.default\">\n\t\t\t\t<div class=\"elementor-widget-container\">\n\t\t\t\t\t\t\t<div class=\"elementor-divider\">\n\t\t\t<span class=\"elementor-divider-separator\">\n\t\t\t\t\t\t<\/span>\n\t\t<\/div>\n\t\t\t\t\t\t<\/div>\n\t\t\t\t<\/div>\n\t\t\t\t<section class=\"elementor-section elementor-inner-section elementor-element elementor-element-67c97b83 submenu-sorter elementor-section-boxed elementor-section-height-default elementor-section-height-default\" data-id=\"67c97b83\" data-element_type=\"section\" data-settings=\"{&quot;_ha_eqh_enable&quot;:false}\">\n\t\t\t\t\t\t<div class=\"elementor-container elementor-column-gap-default\">\n\t\t\t\t\t<div class=\"elementor-column elementor-col-100 elementor-inner-column elementor-element elementor-element-3f57e262\" data-id=\"3f57e262\" data-element_type=\"column\">\n\t\t\t<div class=\"elementor-widget-wrap elementor-element-populated\">\n\t\t\t\t\t\t<div class=\"elementor-element elementor-element-1e7648f5 elementor-icon-list--layout-inline elementor-align-center elementor-widget__width-initial elementor-mobile-align-center elementor-list-item-link-full_width elementor-widget elementor-widget-icon-list\" data-id=\"1e7648f5\" data-element_type=\"widget\" data-widget_type=\"icon-list.default\">\n\t\t\t\t<div class=\"elementor-widget-container\">\n\t\t\t\t\t\t\t<ul class=\"elementor-icon-list-items elementor-inline-items\">\n\t\t\t\t\t\t\t<li class=\"elementor-icon-list-item elementor-inline-item\">\n\t\t\t\t\t\t\t\t\t\t\t<a href=\"\/en\/blog\/\">\n\n\t\t\t\t\t\t\t\t\t\t\t\t<span class=\"elementor-icon-list-icon\">\n\t\t\t\t\t\t\t<i aria-hidden=\"true\" class=\"fas fa-dot-circle\"><\/i>\t\t\t\t\t\t<\/span>\n\t\t\t\t\t\t\t\t\t\t<span class=\"elementor-icon-list-text\">Display all<\/span>\n\t\t\t\t\t\t\t\t\t\t\t<\/a>\n\t\t\t\t\t\t\t\t\t<\/li>\n\t\t\t\t\t\t<\/ul>\n\t\t\t\t\t\t<\/div>\n\t\t\t\t<\/div>\n\t\t\t\t<div class=\"elementor-element elementor-element-7fd08d1 elementor-widget__width-initial elementor-widget elementor-widget-ha-taxonomy-list happy-addon ha-taxonomy-list\" data-id=\"7fd08d1\" data-element_type=\"widget\" data-widget_type=\"ha-taxonomy-list.default\">\n\t\t\t\t<div class=\"elementor-widget-container\">\n\t\t\t\t\t\t\t\t<div class=\"ha-taxonomy-list-wrapper\">\n\t\t\t\t<ul class=\"ha-taxonomy-list ha-taxonomy-list-inline\" >\n\t\t\t\t\t\t\t\t\t<li class=\"ha-taxonomy-list-item\">\n\t\t\t\t\t\t<a href=\"https:\/\/arl-assainissement.com\/en\/news\/\">\n\t\t\t\t\t\t\t\t\t\t\t\t\t\t<span class=\"ha-taxonomy-list-icon\"><i aria-hidden=\"true\" class=\"fas fa-dot-circle\"><\/i><\/span>\t\t\t\t\t\t\t<span class=\"ha-taxonomy-list-title\">News<\/span>\t\t\t\t\t\t<\/a>\n\t\t\t\t\t<\/li>\n\t\t\t\t\t\t\t\t\t\t\t\t\t\t<li class=\"ha-taxonomy-list-item\">\n\t\t\t\t\t\t<a href=\"https:\/\/arl-assainissement.com\/en\/invest\/\">\n\t\t\t\t\t\t\t\t\t\t\t\t\t\t<span class=\"ha-taxonomy-list-icon\"><i aria-hidden=\"true\" class=\"fas fa-dot-circle\"><\/i><\/span>\t\t\t\t\t\t\t<span class=\"ha-taxonomy-list-title\">Invest<\/span>\t\t\t\t\t\t<\/a>\n\t\t\t\t\t<\/li>\n\t\t\t\t\t\t\t\t\t\t\t\t\t\t<li class=\"ha-taxonomy-list-item\">\n\t\t\t\t\t\t<a href=\"https:\/\/arl-assainissement.com\/en\/discover-paris\/\">\n\t\t\t\t\t\t\t\t\t\t\t\t\t\t<span class=\"ha-taxonomy-list-icon\"><i aria-hidden=\"true\" class=\"fas fa-dot-circle\"><\/i><\/span>\t\t\t\t\t\t\t<span class=\"ha-taxonomy-list-title\">Discover Paris<\/span>\t\t\t\t\t\t<\/a>\n\t\t\t\t\t<\/li>\n\t\t\t\t\t\t\t\t\t\t\t\t\t\t<li class=\"ha-taxonomy-list-item\">\n\t\t\t\t\t\t<a href=\"https:\/\/arl-assainissement.com\/en\/exhibitions\/\">\n\t\t\t\t\t\t\t\t\t\t\t\t\t\t<span class=\"ha-taxonomy-list-icon\"><i aria-hidden=\"true\" class=\"fas fa-dot-circle\"><\/i><\/span>\t\t\t\t\t\t\t<span class=\"ha-taxonomy-list-title\">Exhibitions<\/span>\t\t\t\t\t\t<\/a>\n\t\t\t\t\t<\/li>\n\t\t\t\t\t\t\t\t\t\t\t\t\t\t<li class=\"ha-taxonomy-list-item\">\n\t\t\t\t\t\t<a href=\"https:\/\/arl-assainissement.com\/en\/trade-shows\/\">\n\t\t\t\t\t\t\t\t\t\t\t\t\t\t<span class=\"ha-taxonomy-list-icon\"><i aria-hidden=\"true\" class=\"fas fa-dot-circle\"><\/i><\/span>\t\t\t\t\t\t\t<span class=\"ha-taxonomy-list-title\">Trade Shows<\/span>\t\t\t\t\t\t<\/a>\n\t\t\t\t\t<\/li>\n\t\t\t\t\t\t\t\t\t<\/ul>\n\t\t\t<\/div>\n\t\t\t\t\t\t<\/div>\n\t\t\t\t<\/div>\n\t\t\t\t\t<\/div>\n\t\t<\/div>\n\t\t\t\t\t<\/div>\n\t\t<\/section>\n\t\t\t\t<div class=\"elementor-element elementor-element-dd3b78d elementor-grid-1 elementor-posts--thumbnail-left elementor-posts--align-left elementor-grid-tablet-2 elementor-grid-mobile-1 elementor-widget elementor-widget-posts\" data-id=\"dd3b78d\" data-element_type=\"widget\" data-settings=\"{&quot;classic_columns&quot;:&quot;1&quot;,&quot;pagination_type&quot;:&quot;numbers&quot;,&quot;classic_columns_tablet&quot;:&quot;2&quot;,&quot;classic_columns_mobile&quot;:&quot;1&quot;,&quot;classic_row_gap&quot;:{&quot;unit&quot;:&quot;px&quot;,&quot;size&quot;:35,&quot;sizes&quot;:[]},&quot;classic_row_gap_tablet&quot;:{&quot;unit&quot;:&quot;px&quot;,&quot;size&quot;:&quot;&quot;,&quot;sizes&quot;:[]},&quot;classic_row_gap_mobile&quot;:{&quot;unit&quot;:&quot;px&quot;,&quot;size&quot;:&quot;&quot;,&quot;sizes&quot;:[]}}\" data-widget_type=\"posts.classic\">\n\t\t\t\t<div class=\"elementor-widget-container\">\n\t\t\t\t\t\t\t<div class=\"elementor-posts-container elementor-posts elementor-posts--skin-classic elementor-grid\">\n\t\t\t\t<article class=\"elementor-post elementor-grid-item post-6782 post type-post status-publish format-standard has-post-thumbnail hentry category-discover-paris entry\">\n\t\t\t\t<a class=\"elementor-post__thumbnail__link\" href=\"https:\/\/arl-assainissement.com\/en\/literary-walk-on-st-louis-island-with-charles-baudelaire\/\" tabindex=\"-1\" >\n\t\t\t<div class=\"elementor-post__thumbnail\"><img fetchpriority=\"high\" decoding=\"async\" width=\"750\" height=\"563\" src=\"https:\/\/arl-assainissement.com\/wp-content\/uploads\/2025\/01\/bio-rentals-paris-ile-saint-louis-pont-de-la-tournelle-B-768x576.jpg\" class=\"attachment-medium_large size-medium_large wp-image-6780\" alt=\"\" style=\"width:100%;height:75%;max-width:2560px\" srcset=\"https:\/\/arl-assainissement.com\/wp-content\/uploads\/2025\/01\/bio-rentals-paris-ile-saint-louis-pont-de-la-tournelle-B-768x576.jpg 768w, https:\/\/arl-assainissement.com\/wp-content\/uploads\/2025\/01\/bio-rentals-paris-ile-saint-louis-pont-de-la-tournelle-B-300x225.jpg 300w, https:\/\/arl-assainissement.com\/wp-content\/uploads\/2025\/01\/bio-rentals-paris-ile-saint-louis-pont-de-la-tournelle-B-1024x768.jpg 1024w, https:\/\/arl-assainissement.com\/wp-content\/uploads\/2025\/01\/bio-rentals-paris-ile-saint-louis-pont-de-la-tournelle-B-1536x1152.jpg 1536w, https:\/\/arl-assainissement.com\/wp-content\/uploads\/2025\/01\/bio-rentals-paris-ile-saint-louis-pont-de-la-tournelle-B-2048x1536.jpg 2048w, https:\/\/arl-assainissement.com\/wp-content\/uploads\/2025\/01\/bio-rentals-paris-ile-saint-louis-pont-de-la-tournelle-B-1568x1176.jpg 1568w, https:\/\/arl-assainissement.com\/wp-content\/uploads\/2025\/01\/bio-rentals-paris-ile-saint-louis-pont-de-la-tournelle-B-600x450.jpg 600w\" sizes=\"(max-width: 750px) 100vw, 750px\" \/><\/div>\n\t\t<\/a>\n\t\t\t\t<div class=\"elementor-post__text\">\n\t\t\t\t<h2 class=\"elementor-post__title\">\n\t\t\t<a href=\"https:\/\/arl-assainissement.com\/en\/literary-walk-on-st-louis-island-with-charles-baudelaire\/\" >\n\t\t\t\tLiterary walk on St Louis Island with Charles Baudelaire\t\t\t<\/a>\n\t\t<\/h2>\n\t\t\t\t<div class=\"elementor-post__excerpt\">\n\t\t\t<p>Saint Louis island where a certain tranquility is still around has welcomed in its dwellings a lot of illustrious writers as Charles Baudelaire. During the Middle Ages, it was impossible to join the island by<\/p>\n\t\t<\/div>\n\t\t\n\t\t<a class=\"elementor-post__read-more\" href=\"https:\/\/arl-assainissement.com\/en\/literary-walk-on-st-louis-island-with-charles-baudelaire\/\" aria-label=\"Read more about Literary walk on St Louis Island with Charles Baudelaire\" tabindex=\"-1\" >\n\t\t\tRead more \u00bb\t\t<\/a>\n\n\t\t\t\t<\/div>\n\t\t\t\t<\/article>\n\t\t\t\t<article class=\"elementor-post elementor-grid-item post-6772 post type-post status-publish format-standard has-post-thumbnail hentry category-discover-paris entry\">\n\t\t\t\t<a class=\"elementor-post__thumbnail__link\" href=\"https:\/\/arl-assainissement.com\/en\/procope-the-oldest-cafe-of-paris\/\" tabindex=\"-1\" >\n\t\t\t<div class=\"elementor-post__thumbnail\"><img decoding=\"async\" width=\"640\" height=\"480\" src=\"https:\/\/arl-assainissement.com\/wp-content\/uploads\/2025\/01\/procope-restaurant.jpg\" class=\"attachment-medium_large size-medium_large wp-image-6769\" alt=\"\" style=\"width:100%;height:75%;max-width:640px\" srcset=\"https:\/\/arl-assainissement.com\/wp-content\/uploads\/2025\/01\/procope-restaurant.jpg 640w, https:\/\/arl-assainissement.com\/wp-content\/uploads\/2025\/01\/procope-restaurant-300x225.jpg 300w, https:\/\/arl-assainissement.com\/wp-content\/uploads\/2025\/01\/procope-restaurant-600x450.jpg 600w\" sizes=\"(max-width: 640px) 100vw, 640px\" \/><\/div>\n\t\t<\/a>\n\t\t\t\t<div class=\"elementor-post__text\">\n\t\t\t\t<h2 class=\"elementor-post__title\">\n\t\t\t<a href=\"https:\/\/arl-assainissement.com\/en\/procope-the-oldest-cafe-of-paris\/\" >\n\t\t\t\tProcope, the oldest Caf\u00e9 of Paris\t\t\t<\/a>\n\t\t<\/h2>\n\t\t\t\t<div class=\"elementor-post__excerpt\">\n\t\t\t<p>&nbsp; Francesco Procopio Cuto is born in Sicilia in the 18th century. He had inherited from his grand father a machine able to make ice cream by hand. With a strong entrepreneurial spirit, he will<\/p>\n\t\t<\/div>\n\t\t\n\t\t<a class=\"elementor-post__read-more\" href=\"https:\/\/arl-assainissement.com\/en\/procope-the-oldest-cafe-of-paris\/\" aria-label=\"Read more about Literary walk on St Louis Island with Charles Baudelaire\" tabindex=\"-1\" >\n\t\t\tRead more \u00bb\t\t<\/a>\n\n\t\t\t\t<\/div>\n\t\t\t\t<\/article>\n\t\t\t\t<article class=\"elementor-post elementor-grid-item post-6760 post type-post status-publish format-standard has-post-thumbnail hentry category-discover-paris entry\">\n\t\t\t\t<a class=\"elementor-post__thumbnail__link\" href=\"https:\/\/arl-assainissement.com\/en\/ancient-streets-of-paris-middle-ages-13th-century\/\" tabindex=\"-1\" >\n\t\t\t<div class=\"elementor-post__thumbnail\"><img decoding=\"async\" width=\"750\" height=\"378\" src=\"https:\/\/arl-assainissement.com\/wp-content\/uploads\/2025\/01\/rue-des-barres-paris-marais-768x387.jpg\" class=\"attachment-medium_large size-medium_large wp-image-6761\" alt=\"\" style=\"width:100%;height:50.44%;max-width:793px\" srcset=\"https:\/\/arl-assainissement.com\/wp-content\/uploads\/2025\/01\/rue-des-barres-paris-marais-768x387.jpg 768w, https:\/\/arl-assainissement.com\/wp-content\/uploads\/2025\/01\/rue-des-barres-paris-marais-300x151.jpg 300w, https:\/\/arl-assainissement.com\/wp-content\/uploads\/2025\/01\/rue-des-barres-paris-marais-600x303.jpg 600w, https:\/\/arl-assainissement.com\/wp-content\/uploads\/2025\/01\/rue-des-barres-paris-marais.jpg 793w\" sizes=\"(max-width: 750px) 100vw, 750px\" \/><\/div>\n\t\t<\/a>\n\t\t\t\t<div class=\"elementor-post__text\">\n\t\t\t\t<h2 class=\"elementor-post__title\">\n\t\t\t<a href=\"https:\/\/arl-assainissement.com\/en\/ancient-streets-of-paris-middle-ages-13th-century\/\" >\n\t\t\t\tAncient streets of Paris &#8211; Middle Ages &#8211; 13th Century\t\t\t<\/a>\n\t\t<\/h2>\n\t\t\t\t<div class=\"elementor-post__excerpt\">\n\t\t\t<p>The very ancient \u00ab\u00a0rue des Barres\u00a0\u00bb already existed in 1250 and had several names, the \u00ab\u00a0ruelle au Moulin-des-Barres\u00a0\u00bb, the \u00ab\u00a0ruelle des Moulins-du-Temple\u00a0\u00bb then the \u00ab\u00a0rue du Chevet-Saint-Gervais\u00a0\u00bb until the 17th century. Rive Droite (up the<\/p>\n\t\t<\/div>\n\t\t\n\t\t<a class=\"elementor-post__read-more\" href=\"https:\/\/arl-assainissement.com\/en\/ancient-streets-of-paris-middle-ages-13th-century\/\" aria-label=\"Read more about Literary walk on St Louis Island with Charles Baudelaire\" tabindex=\"-1\" >\n\t\t\tRead more \u00bb\t\t<\/a>\n\n\t\t\t\t<\/div>\n\t\t\t\t<\/article>\n\t\t\t\t<article class=\"elementor-post elementor-grid-item post-6755 post type-post status-publish format-standard has-post-thumbnail hentry category-discover-paris entry\">\n\t\t\t\t<a class=\"elementor-post__thumbnail__link\" href=\"https:\/\/arl-assainissement.com\/en\/a-parisian-building-in-the-18th-century\/\" tabindex=\"-1\" >\n\t\t\t<div class=\"elementor-post__thumbnail\"><img loading=\"lazy\" decoding=\"async\" width=\"750\" height=\"1214\" src=\"https:\/\/arl-assainissement.com\/wp-content\/uploads\/2025\/01\/bio-rentals-blog-parisian-building-768x1243.jpg\" class=\"attachment-medium_large size-medium_large wp-image-6750\" alt=\"\" style=\"width:100%;height:161.82%;max-width:1582px\" srcset=\"https:\/\/arl-assainissement.com\/wp-content\/uploads\/2025\/01\/bio-rentals-blog-parisian-building-768x1243.jpg 768w, https:\/\/arl-assainissement.com\/wp-content\/uploads\/2025\/01\/bio-rentals-blog-parisian-building-185x300.jpg 185w, https:\/\/arl-assainissement.com\/wp-content\/uploads\/2025\/01\/bio-rentals-blog-parisian-building-633x1024.jpg 633w, https:\/\/arl-assainissement.com\/wp-content\/uploads\/2025\/01\/bio-rentals-blog-parisian-building-949x1536.jpg 949w, https:\/\/arl-assainissement.com\/wp-content\/uploads\/2025\/01\/bio-rentals-blog-parisian-building-1266x2048.jpg 1266w, https:\/\/arl-assainissement.com\/wp-content\/uploads\/2025\/01\/bio-rentals-blog-parisian-building-1568x2537.jpg 1568w, https:\/\/arl-assainissement.com\/wp-content\/uploads\/2025\/01\/bio-rentals-blog-parisian-building-600x971.jpg 600w, https:\/\/arl-assainissement.com\/wp-content\/uploads\/2025\/01\/bio-rentals-blog-parisian-building-scaled.jpg 1582w\" sizes=\"(max-width: 750px) 100vw, 750px\" \/><\/div>\n\t\t<\/a>\n\t\t\t\t<div class=\"elementor-post__text\">\n\t\t\t\t<h2 class=\"elementor-post__title\">\n\t\t\t<a href=\"https:\/\/arl-assainissement.com\/en\/a-parisian-building-in-the-18th-century\/\" >\n\t\t\t\tA Parisian building in the 18th century\t\t\t<\/a>\n\t\t<\/h2>\n\t\t\t\t<div class=\"elementor-post__excerpt\">\n\t\t\t<p>&nbsp; At that time, they start to build rental housing units. Owners select for themselves the first floor, also named the \u00ab\u00a0Great floor\u00a0\u00bb or \u00ab\u00a0Noble floor\u00a0\u00bb. Below, they rent the ground floor to shopkeepers who<\/p>\n\t\t<\/div>\n\t\t\n\t\t<a class=\"elementor-post__read-more\" href=\"https:\/\/arl-assainissement.com\/en\/a-parisian-building-in-the-18th-century\/\" aria-label=\"Read more about Literary walk on St Louis Island with Charles Baudelaire\" tabindex=\"-1\" >\n\t\t\tRead more \u00bb\t\t<\/a>\n\n\t\t\t\t<\/div>\n\t\t\t\t<\/article>\n\t\t\t\t<\/div>\n\t\t\n\t\t\t\t<div class=\"e-load-more-anchor\" data-page=\"1\" data-max-page=\"8\" data-next-page=\"https:\/\/arl-assainissement.com\/en\/wp-json\/wp\/v2\/pages\/293\/page\/2\/\"><\/div>\n\t\t\t\t<nav class=\"elementor-pagination\" aria-label=\"Read more about Literary walk on St Louis Island with Charles Baudelaire\">\n\t\t\t<span aria-current=\"page\" class=\"page-numbers current\"><span class=\"elementor-screen-only\">Page<\/span>1<\/span>\n<a class=\"page-numbers\" href=\"https:\/\/arl-assainissement.com\/en\/wp-json\/wp\/v2\/pages\/293\/page\/2\/\"><span class=\"elementor-screen-only\">Page<\/span>2<\/a>\n<a class=\"page-numbers\" href=\"https:\/\/arl-assainissement.com\/en\/wp-json\/wp\/v2\/pages\/293\/page\/3\/\"><span class=\"elementor-screen-only\">Page<\/span>3<\/a>\n<span class=\"page-numbers dots\">&hellip;<\/span>\n<a class=\"page-numbers\" href=\"https:\/\/arl-assainissement.com\/en\/wp-json\/wp\/v2\/pages\/293\/page\/8\/\"><span class=\"elementor-screen-only\">Page<\/span>8<\/a>\t\t<\/nav>\n\t\t\t\t\t\t<\/div>\n\t\t\t\t<\/div>\n\t\t\t\t\t<\/div>\n\t\t<\/div>\n\t\t\t\t\t<\/div>\n\t\t<\/section>\n\t\t\t\t<\/div>\n\t\t","protected":false},"excerpt":{"rendered":"<p>Bio Rentals Blog Display all News Invest Discover Paris Exhibitions Trade Shows<\/p>\n","protected":false},"author":33,"featured_media":0,"parent":0,"menu_order":0,"comment_status":"closed","ping_status":"closed","template":"elementor_header_footer","meta":{"footnotes":""},"class_list":["post-293","page","type-page","status-publish","hentry","entry"],"yoast_head":"<!-- This site is optimized with the Yoast SEO plugin v24.8 - https:\/\/yoast.com\/wordpress\/plugins\/seo\/ -->\n<title>Bio Rentals Paris - Gestion locative verte immobili\u00e8re - Locations meubl\u00e9es ecologiques<\/title>\n<meta name=\"description\" content=\"Gestion durable d&#039;appartements avec mandats. Locations meubl\u00e9es ou vides \u00e0 Paris et en \u00e9co quartiers d&#039;Ile de France\" \/>\n<meta name=\"robots\" content=\"index, follow, max-snippet:-1, max-image-preview:large, max-video-preview:-1\" \/>\n<link rel=\"canonical\" href=\"https:\/\/arl-assainissement.com\/en\/blog\/\" \/>\n<meta property=\"og:locale\" content=\"en_US\" \/>\n<meta property=\"og:type\" content=\"article\" \/>\n<meta property=\"og:title\" content=\"Bio Rentals Paris - Gestion locative verte immobili\u00e8re - Locations meubl\u00e9es ecologiques\" \/>\n<meta property=\"og:description\" content=\"Gestion durable d&#039;appartements avec mandats. Locations meubl\u00e9es ou vides \u00e0 Paris et en \u00e9co quartiers d&#039;Ile de France\" \/>\n<meta property=\"og:url\" content=\"https:\/\/arl-assainissement.com\/en\/blog\/\" \/>\n<meta property=\"og:site_name\" content=\"Bio Rentals\" \/>\n<meta property=\"article:modified_time\" content=\"2022-05-30T11:53:35+00:00\" \/>\n<meta name=\"twitter:card\" content=\"summary_large_image\" \/>\n<meta name=\"twitter:site\" content=\"@bio_rentals\" \/>\n<meta name=\"twitter:label1\" content=\"Est. reading time\" \/>\n\t<meta name=\"twitter:data1\" content=\"2 minutes\" \/>\n<script type=\"application\/ld+json\" class=\"yoast-schema-graph\">{\"@context\":\"https:\/\/schema.org\",\"@graph\":[{\"@type\":\"WebPage\",\"@id\":\"https:\/\/arl-assainissement.com\/en\/blog\/\",\"url\":\"https:\/\/arl-assainissement.com\/en\/blog\/\",\"name\":\"Bio Rentals Paris - Gestion locative verte immobili\u00e8re - Locations meubl\u00e9es ecologiques\",\"isPartOf\":{\"@id\":\"https:\/\/arl-assainissement.com\/en\/#website\"},\"datePublished\":\"2022-02-28T05:44:07+00:00\",\"dateModified\":\"2022-05-30T11:53:35+00:00\",\"description\":\"Gestion durable d'appartements avec mandats. Locations meubl\u00e9es ou vides \u00e0 Paris et en \u00e9co quartiers d'Ile de France\",\"breadcrumb\":{\"@id\":\"https:\/\/arl-assainissement.com\/en\/blog\/#breadcrumb\"},\"inLanguage\":\"en-US\",\"potentialAction\":[{\"@type\":\"ReadAction\",\"target\":[\"https:\/\/arl-assainissement.com\/en\/blog\/\"]}]},{\"@type\":\"BreadcrumbList\",\"@id\":\"https:\/\/arl-assainissement.com\/en\/blog\/#breadcrumb\",\"itemListElement\":[{\"@type\":\"ListItem\",\"position\":1,\"name\":\"Home\",\"item\":\"https:\/\/arl-assainissement.com\/en\/\"},{\"@type\":\"ListItem\",\"position\":2,\"name\":\"Blog\"}]},{\"@type\":\"WebSite\",\"@id\":\"https:\/\/arl-assainissement.com\/en\/#website\",\"url\":\"https:\/\/arl-assainissement.com\/en\/\",\"name\":\"Bio Rentals\",\"description\":\"\",\"publisher\":{\"@id\":\"https:\/\/arl-assainissement.com\/en\/#organization\"},\"potentialAction\":[{\"@type\":\"SearchAction\",\"target\":{\"@type\":\"EntryPoint\",\"urlTemplate\":\"https:\/\/arl-assainissement.com\/en\/?s={search_term_string}\"},\"query-input\":{\"@type\":\"PropertyValueSpecification\",\"valueRequired\":true,\"valueName\":\"search_term_string\"}}],\"inLanguage\":\"en-US\"},{\"@type\":\"Organization\",\"@id\":\"https:\/\/arl-assainissement.com\/en\/#organization\",\"name\":\"Bio Rentals\",\"url\":\"https:\/\/arl-assainissement.com\/en\/\",\"logo\":{\"@type\":\"ImageObject\",\"inLanguage\":\"en-US\",\"@id\":\"https:\/\/arl-assainissement.com\/en\/#\/schema\/logo\/image\/\",\"url\":\"https:\/\/arl-assainissement.com\/wp-content\/uploads\/2022\/02\/logo-biorentals.png\",\"contentUrl\":\"https:\/\/arl-assainissement.com\/wp-content\/uploads\/2022\/02\/logo-biorentals.png\",\"width\":300,\"height\":297,\"caption\":\"Bio Rentals\"},\"image\":{\"@id\":\"https:\/\/arl-assainissement.com\/en\/#\/schema\/logo\/image\/\"},\"sameAs\":[\"https:\/\/x.com\/bio_rentals\"]}]}<\/script>\n<!-- \/ Yoast SEO plugin. -->","yoast_head_json":{"title":"Bio Rentals Paris - Gestion locative verte immobili\u00e8re - Locations meubl\u00e9es ecologiques","description":"Gestion durable d'appartements avec mandats. Locations meubl\u00e9es ou vides \u00e0 Paris et en \u00e9co quartiers d'Ile de France","robots":{"index":"index","follow":"follow","max-snippet":"max-snippet:-1","max-image-preview":"max-image-preview:large","max-video-preview":"max-video-preview:-1"},"canonical":"https:\/\/arl-assainissement.com\/en\/blog\/","og_locale":"en_US","og_type":"article","og_title":"Bio Rentals Paris - Gestion locative verte immobili\u00e8re - Locations meubl\u00e9es ecologiques","og_description":"Gestion durable d'appartements avec mandats. Locations meubl\u00e9es ou vides \u00e0 Paris et en \u00e9co quartiers d'Ile de France","og_url":"https:\/\/arl-assainissement.com\/en\/blog\/","og_site_name":"Bio Rentals","article_modified_time":"2022-05-30T11:53:35+00:00","twitter_card":"summary_large_image","twitter_site":"@bio_rentals","twitter_misc":{"Est. reading time":"2 minutes"},"schema":{"@context":"https:\/\/schema.org","@graph":[{"@type":"WebPage","@id":"https:\/\/arl-assainissement.com\/en\/blog\/","url":"https:\/\/arl-assainissement.com\/en\/blog\/","name":"Bio Rentals Paris - Gestion locative verte immobili\u00e8re - Locations meubl\u00e9es ecologiques","isPartOf":{"@id":"https:\/\/arl-assainissement.com\/en\/#website"},"datePublished":"2022-02-28T05:44:07+00:00","dateModified":"2022-05-30T11:53:35+00:00","description":"Gestion durable d'appartements avec mandats. Locations meubl\u00e9es ou vides \u00e0 Paris et en \u00e9co quartiers d'Ile de France","breadcrumb":{"@id":"https:\/\/arl-assainissement.com\/en\/blog\/#breadcrumb"},"inLanguage":"en-US","potentialAction":[{"@type":"ReadAction","target":["https:\/\/arl-assainissement.com\/en\/blog\/"]}]},{"@type":"BreadcrumbList","@id":"https:\/\/arl-assainissement.com\/en\/blog\/#breadcrumb","itemListElement":[{"@type":"ListItem","position":1,"name":"Home","item":"https:\/\/arl-assainissement.com\/en\/"},{"@type":"ListItem","position":2,"name":"Blog"}]},{"@type":"WebSite","@id":"https:\/\/arl-assainissement.com\/en\/#website","url":"https:\/\/arl-assainissement.com\/en\/","name":"Bio Rentals","description":"","publisher":{"@id":"https:\/\/arl-assainissement.com\/en\/#organization"},"potentialAction":[{"@type":"SearchAction","target":{"@type":"EntryPoint","urlTemplate":"https:\/\/arl-assainissement.com\/en\/?s={search_term_string}"},"query-input":{"@type":"PropertyValueSpecification","valueRequired":true,"valueName":"search_term_string"}}],"inLanguage":"en-US"},{"@type":"Organization","@id":"https:\/\/arl-assainissement.com\/en\/#organization","name":"Bio Rentals","url":"https:\/\/arl-assainissement.com\/en\/","logo":{"@type":"ImageObject","inLanguage":"en-US","@id":"https:\/\/arl-assainissement.com\/en\/#\/schema\/logo\/image\/","url":"https:\/\/arl-assainissement.com\/wp-content\/uploads\/2022\/02\/logo-biorentals.png","contentUrl":"https:\/\/arl-assainissement.com\/wp-content\/uploads\/2022\/02\/logo-biorentals.png","width":300,"height":297,"caption":"Bio Rentals"},"image":{"@id":"https:\/\/arl-assainissement.com\/en\/#\/schema\/logo\/image\/"},"sameAs":["https:\/\/x.com\/bio_rentals"]}]}},"_links":{"self":[{"href":"https:\/\/arl-assainissement.com\/en\/wp-json\/wp\/v2\/pages\/293","targetHints":{"allow":["GET"]}}],"collection":[{"href":"https:\/\/arl-assainissement.com\/en\/wp-json\/wp\/v2\/pages"}],"about":[{"href":"https:\/\/arl-assainissement.com\/en\/wp-json\/wp\/v2\/types\/page"}],"author":[{"embeddable":true,"href":"https:\/\/arl-assainissement.com\/en\/wp-json\/wp\/v2\/users\/33"}],"replies":[{"embeddable":true,"href":"https:\/\/arl-assainissement.com\/en\/wp-json\/wp\/v2\/comments?post=293"}],"version-history":[{"count":0,"href":"https:\/\/arl-assainissement.com\/en\/wp-json\/wp\/v2\/pages\/293\/revisions"}],"wp:attachment":[{"href":"https:\/\/arl-assainissement.com\/en\/wp-json\/wp\/v2\/media?parent=293"}],"curies":[{"name":"wp","href":"https:\/\/api.w.org\/{rel}","templated":true}]}}